{"id":50,"date":"2018-09-17T22:34:45","date_gmt":"2018-09-17T22:34:45","guid":{"rendered":"https:\/\/planb.ec\/moblier\/?post_type=product&#038;p=50"},"modified":"2018-11-06T00:15:28","modified_gmt":"2018-11-06T00:15:28","slug":"counter","status":"publish","type":"product","link":"https:\/\/moblier.com\/en\/product\/counter\/","title":{"rendered":"Counter"},"content":{"rendered":"","protected":false},"excerpt":{"rendered":"<p>La primera impresi\u00f3n es fundamental para su empresa, el lugar de recepci\u00f3n para sus clientes debe ser un ambiente acogedor. Dise\u00f1amos cada espacio interior para que su empresa de una excelente imagen a su cliente.<\/p>\n","protected":false},"featured_media":86,"comment_status":"closed","ping_status":"closed","template":"","meta":{"_acf_changed":false},"product_brand":[],"product_cat":[72],"product_tag":[],"class_list":{"0":"post-50","1":"product","2":"type-product","3":"status-publish","4":"has-post-thumbnail","6":"product_cat-office-furniture","8":"first","9":"instock","10":"taxable","11":"shipping-taxable","12":"product-type-simple"},"acf":[],"_links":{"self":[{"href":"https:\/\/moblier.com\/en\/wp-json\/wp\/v2\/product\/50","targetHints":{"allow":["GET"]}}],"collection":[{"href":"https:\/\/moblier.com\/en\/wp-json\/wp\/v2\/product"}],"about":[{"href":"https:\/\/moblier.com\/en\/wp-json\/wp\/v2\/types\/product"}],"replies":[{"embeddable":true,"href":"https:\/\/moblier.com\/en\/wp-json\/wp\/v2\/comments?post=50"}],"wp:featuredmedia":[{"embeddable":true,"href":"https:\/\/moblier.com\/en\/wp-json\/wp\/v2\/media\/86"}],"wp:attachment":[{"href":"https:\/\/moblier.com\/en\/wp-json\/wp\/v2\/media?parent=50"}],"wp:term":[{"taxonomy":"product_brand","embeddable":true,"href":"https:\/\/moblier.com\/en\/wp-json\/wp\/v2\/product_brand?post=50"},{"taxonomy":"product_cat","embeddable":true,"href":"https:\/\/moblier.com\/en\/wp-json\/wp\/v2\/product_cat?post=50"},{"taxonomy":"product_tag","embeddable":true,"href":"https:\/\/moblier.com\/en\/wp-json\/wp\/v2\/product_tag?post=50"}],"curies":[{"name":"wp","href":"https:\/\/api.w.org\/{rel}","templated":true}]}}